{"id":9253,"date":"2025-05-07T15:45:48","date_gmt":"2025-05-07T13:45:48","guid":{"rendered":"https:\/\/vinin.pl\/wizualizator\/"},"modified":"2025-09-12T15:49:19","modified_gmt":"2025-09-12T13:49:19","slug":"visualisierer","status":"publish","type":"page","link":"https:\/\/vinin.pl\/de\/visualisierer\/","title":{"rendered":"Visualisierer"},"content":{"rendered":"","protected":false},"excerpt":{"rendered":"","protected":false},"author":1,"featured_media":0,"parent":0,"menu_order":0,"comment_status":"closed","ping_status":"closed","template":"page-templates\/wizualizator.php","meta":{"_acf_changed":false,"inline_featured_image":false,"footnotes":""},"class_list":["post-9253","page","type-page","status-publish","hentry"],"acf":[],"yoast_head":"<!-- This site is optimized with the Yoast SEO plugin v27.3 - https:\/\/yoast.com\/product\/yoast-seo-wordpress\/ -->\n<title>Visualisierer - VIN IN Pod\u0142oga winylowa w Twoim stylu<\/title>\n<meta name=\"robots\" content=\"index, follow, max-snippet:-1, max-image-preview:large, max-video-preview:-1\" \/>\n<link rel=\"canonical\" href=\"https:\/\/vinin.pl\/de\/visualisierer\/\" \/>\n<meta property=\"og:locale\" content=\"de_DE\" \/>\n<meta property=\"og:type\" content=\"article\" \/>\n<meta property=\"og:title\" content=\"Visualisierer - VIN IN Pod\u0142oga winylowa w Twoim stylu\" \/>\n<meta property=\"og:url\" content=\"https:\/\/vinin.pl\/de\/visualisierer\/\" \/>\n<meta property=\"og:site_name\" content=\"VIN IN Pod\u0142oga winylowa w Twoim stylu\" \/>\n<meta property=\"article:publisher\" content=\"https:\/\/www.facebook.com\/vininflooring\/\" \/>\n<meta property=\"article:modified_time\" content=\"2025-09-12T13:49:19+00:00\" \/>\n<meta name=\"twitter:card\" content=\"summary_large_image\" \/>\n<script type=\"application\/ld+json\" class=\"yoast-schema-graph\">{\"@context\":\"https:\\\/\\\/schema.org\",\"@graph\":[{\"@type\":\"WebPage\",\"@id\":\"https:\\\/\\\/vinin.pl\\\/de\\\/visualisierer\\\/\",\"url\":\"https:\\\/\\\/vinin.pl\\\/de\\\/visualisierer\\\/\",\"name\":\"Visualisierer - VIN IN Pod\u0142oga winylowa w Twoim stylu\",\"isPartOf\":{\"@id\":\"https:\\\/\\\/vinin.pl\\\/de\\\/#website\"},\"datePublished\":\"2025-05-07T13:45:48+00:00\",\"dateModified\":\"2025-09-12T13:49:19+00:00\",\"breadcrumb\":{\"@id\":\"https:\\\/\\\/vinin.pl\\\/de\\\/visualisierer\\\/#breadcrumb\"},\"inLanguage\":\"de\",\"potentialAction\":[{\"@type\":\"ReadAction\",\"target\":[\"https:\\\/\\\/vinin.pl\\\/de\\\/visualisierer\\\/\"]}]},{\"@type\":\"BreadcrumbList\",\"@id\":\"https:\\\/\\\/vinin.pl\\\/de\\\/visualisierer\\\/#breadcrumb\",\"itemListElement\":[{\"@type\":\"ListItem\",\"position\":1,\"name\":\"Strona g\u0142\u00f3wna\",\"item\":\"https:\\\/\\\/vinin.pl\\\/de\\\/\"},{\"@type\":\"ListItem\",\"position\":2,\"name\":\"Visualisierer\"}]},{\"@type\":\"WebSite\",\"@id\":\"https:\\\/\\\/vinin.pl\\\/de\\\/#website\",\"url\":\"https:\\\/\\\/vinin.pl\\\/de\\\/\",\"name\":\"VIN IN Pod\u0142oga winylowa w Twoim stylu\",\"description\":\"Wybierz sw\u00f3j hit z 8 wyj\u0105tkowych kolekcji: JAZZ, HOUSE, HOUSE HERRINGBONE, ROCK, BLUES, BLUES HERRINGBONE, R\u2019n\u2019B, FREESTYLE.\",\"publisher\":{\"@id\":\"https:\\\/\\\/vinin.pl\\\/de\\\/#organization\"},\"potentialAction\":[{\"@type\":\"SearchAction\",\"target\":{\"@type\":\"EntryPoint\",\"urlTemplate\":\"https:\\\/\\\/vinin.pl\\\/de\\\/?s={search_term_string}\"},\"query-input\":{\"@type\":\"PropertyValueSpecification\",\"valueRequired\":true,\"valueName\":\"search_term_string\"}}],\"inLanguage\":\"de\"},{\"@type\":\"Organization\",\"@id\":\"https:\\\/\\\/vinin.pl\\\/de\\\/#organization\",\"name\":\"VIN IN Pod\u0142oga winylowa w Twoim stylu\",\"url\":\"https:\\\/\\\/vinin.pl\\\/de\\\/\",\"logo\":{\"@type\":\"ImageObject\",\"inLanguage\":\"de\",\"@id\":\"https:\\\/\\\/vinin.pl\\\/de\\\/#\\\/schema\\\/logo\\\/image\\\/\",\"url\":\"https:\\\/\\\/vinin.pl\\\/wp-content\\\/uploads\\\/2024\\\/10\\\/logo-1.svg\",\"contentUrl\":\"https:\\\/\\\/vinin.pl\\\/wp-content\\\/uploads\\\/2024\\\/10\\\/logo-1.svg\",\"width\":143,\"height\":48,\"caption\":\"VIN IN Pod\u0142oga winylowa w Twoim stylu\"},\"image\":{\"@id\":\"https:\\\/\\\/vinin.pl\\\/de\\\/#\\\/schema\\\/logo\\\/image\\\/\"},\"sameAs\":[\"https:\\\/\\\/www.facebook.com\\\/vininflooring\\\/\"]}]}<\/script>\n<!-- \/ Yoast SEO plugin. -->","yoast_head_json":{"title":"Visualisierer - VIN IN Pod\u0142oga winylowa w Twoim stylu","robots":{"index":"index","follow":"follow","max-snippet":"max-snippet:-1","max-image-preview":"max-image-preview:large","max-video-preview":"max-video-preview:-1"},"canonical":"https:\/\/vinin.pl\/de\/visualisierer\/","og_locale":"de_DE","og_type":"article","og_title":"Visualisierer - VIN IN Pod\u0142oga winylowa w Twoim stylu","og_url":"https:\/\/vinin.pl\/de\/visualisierer\/","og_site_name":"VIN IN Pod\u0142oga winylowa w Twoim stylu","article_publisher":"https:\/\/www.facebook.com\/vininflooring\/","article_modified_time":"2025-09-12T13:49:19+00:00","twitter_card":"summary_large_image","schema":{"@context":"https:\/\/schema.org","@graph":[{"@type":"WebPage","@id":"https:\/\/vinin.pl\/de\/visualisierer\/","url":"https:\/\/vinin.pl\/de\/visualisierer\/","name":"Visualisierer - VIN IN Pod\u0142oga winylowa w Twoim stylu","isPartOf":{"@id":"https:\/\/vinin.pl\/de\/#website"},"datePublished":"2025-05-07T13:45:48+00:00","dateModified":"2025-09-12T13:49:19+00:00","breadcrumb":{"@id":"https:\/\/vinin.pl\/de\/visualisierer\/#breadcrumb"},"inLanguage":"de","potentialAction":[{"@type":"ReadAction","target":["https:\/\/vinin.pl\/de\/visualisierer\/"]}]},{"@type":"BreadcrumbList","@id":"https:\/\/vinin.pl\/de\/visualisierer\/#breadcrumb","itemListElement":[{"@type":"ListItem","position":1,"name":"Strona g\u0142\u00f3wna","item":"https:\/\/vinin.pl\/de\/"},{"@type":"ListItem","position":2,"name":"Visualisierer"}]},{"@type":"WebSite","@id":"https:\/\/vinin.pl\/de\/#website","url":"https:\/\/vinin.pl\/de\/","name":"VIN IN Pod\u0142oga winylowa w Twoim stylu","description":"Wybierz sw\u00f3j hit z 8 wyj\u0105tkowych kolekcji: JAZZ, HOUSE, HOUSE HERRINGBONE, ROCK, BLUES, BLUES HERRINGBONE, R\u2019n\u2019B, FREESTYLE.","publisher":{"@id":"https:\/\/vinin.pl\/de\/#organization"},"potentialAction":[{"@type":"SearchAction","target":{"@type":"EntryPoint","urlTemplate":"https:\/\/vinin.pl\/de\/?s={search_term_string}"},"query-input":{"@type":"PropertyValueSpecification","valueRequired":true,"valueName":"search_term_string"}}],"inLanguage":"de"},{"@type":"Organization","@id":"https:\/\/vinin.pl\/de\/#organization","name":"VIN IN Pod\u0142oga winylowa w Twoim stylu","url":"https:\/\/vinin.pl\/de\/","logo":{"@type":"ImageObject","inLanguage":"de","@id":"https:\/\/vinin.pl\/de\/#\/schema\/logo\/image\/","url":"https:\/\/vinin.pl\/wp-content\/uploads\/2024\/10\/logo-1.svg","contentUrl":"https:\/\/vinin.pl\/wp-content\/uploads\/2024\/10\/logo-1.svg","width":143,"height":48,"caption":"VIN IN Pod\u0142oga winylowa w Twoim stylu"},"image":{"@id":"https:\/\/vinin.pl\/de\/#\/schema\/logo\/image\/"},"sameAs":["https:\/\/www.facebook.com\/vininflooring\/"]}]}},"_links":{"self":[{"href":"https:\/\/vinin.pl\/de\/wp-json\/wp\/v2\/pages\/9253","targetHints":{"allow":["GET"]}}],"collection":[{"href":"https:\/\/vinin.pl\/de\/wp-json\/wp\/v2\/pages"}],"about":[{"href":"https:\/\/vinin.pl\/de\/wp-json\/wp\/v2\/types\/page"}],"author":[{"embeddable":true,"href":"https:\/\/vinin.pl\/de\/wp-json\/wp\/v2\/users\/1"}],"replies":[{"embeddable":true,"href":"https:\/\/vinin.pl\/de\/wp-json\/wp\/v2\/comments?post=9253"}],"version-history":[{"count":2,"href":"https:\/\/vinin.pl\/de\/wp-json\/wp\/v2\/pages\/9253\/revisions"}],"predecessor-version":[{"id":10361,"href":"https:\/\/vinin.pl\/de\/wp-json\/wp\/v2\/pages\/9253\/revisions\/10361"}],"wp:attachment":[{"href":"https:\/\/vinin.pl\/de\/wp-json\/wp\/v2\/media?parent=9253"}],"curies":[{"name":"wp","href":"https:\/\/api.w.org\/{rel}","templated":true}]}}